{"id":429,"date":"2019-04-15T19:01:44","date_gmt":"2019-04-15T19:01:44","guid":{"rendered":"http:\/\/workmaxx.com\/hu\/?post_type=product&#038;p=429"},"modified":"2025-07-10T09:16:31","modified_gmt":"2025-07-10T09:16:31","slug":"pcd-marotarcsa","status":"publish","type":"product","link":"https:\/\/workmaxx.com\/hu\/termek\/pcd-marotarcsa\/","title":{"rendered":"PCD mar\u00f3t\u00e1rcsa"},"content":{"rendered":"<h2>PCD kapr\u00f3t\u00e1rcsa 115mm<\/h2>\n<p>6 szegmenssel ell\u00e1tott mar\u00f3t\u00e1rcsa k\u00e9zi sarokcsiszol\u00f3 g\u00e9pekre szerelhet\u0151 kivitelben.\u00a0 A legdurv\u00e1bb fel\u00fclet elt\u00e1vol\u00edt\u00f3 jelenleg a piacon.<\/p>\n<p>Gyeng\u00e9bb beton, esztrich fel\u00fcletek, fali vakolat gyors elt\u00e1vol\u00edt\u00e1sa. Aljzatkiegyenl\u00edt\u0151 \u00e9s j\u00e1r\u00f3lap ragaszt\u00f3, csemperagaszt\u00f3, betonfest\u00e9k,linoleum ragaszt\u00f3, bonobit, \u00e9s m\u00e1s bitumen alap\u00fa ragaszt\u00f3k elt\u00e1volit\u00e1s\u00e1ra. Valamint aljzatszigetel\u0151, m\u0171gyanta \u00e9s m\u00e1s nagy szil\u00e1rds\u00e1g\u00fa anyagok elt\u00e1vol\u00edt\u00e1shoz. Falsz\u00e9lek mellett, sarkokban vagy kis helyis\u00e9gekben ahov\u00e1 a nagyobb mar\u00f3g\u00e9p nem f\u00e9r oda, kiv\u00e1l\u00f3an alkalmazhat\u00f3 !<\/p>\n<h3>Felhaszn\u00e1l\u00e1sa:<\/h3>\n<p>Javasolt er\u0151s csap\u00e1gyaz\u00e1s\u00fa, \u00e1llithat\u00f3 fordulatsz\u00e1m\u00fa, 1200 w vagy er\u0151sebb csiszol\u00f3g\u00e9ppel haszn\u00e1lni.<\/p>\n<p>&nbsp;<\/p>\n<p>&nbsp;<\/p>\n","protected":false},"excerpt":{"rendered":"<p>PCD kapar\u00f3t\u00e1rcsa, bonobit, fest\u00e9k, m\u0171gyanta , ragaszt\u00f3k, v\u00e9konyabb vakolatok stb. anyagok elt\u00e1volit\u00e1s\u00e1hoz.<\/p>\n","protected":false},"featured_media":431,"template":"","meta":[],"product_brand":[],"product_cat":[127,94,95],"product_tag":[189,188,43,192,185,184,186,191,196,194,195,187,190,193,182,183],"class_list":{"0":"post-429","1":"product","2":"type-product","3":"status-publish","4":"has-post-thumbnail","6":"product_cat-betonmaro","7":"product_cat-maroszerszam","8":"product_cat-mugyanta-eltavolitashoz","9":"product_tag-betonfestek-eltavolitas","10":"product_tag-betonfestek-felszedes","11":"product_tag-betonmaro","12":"product_tag-bonobit","13":"product_tag-bonobit-csiszolas","14":"product_tag-bonobit-eltavolitas","15":"product_tag-bonobit-felszedes","16":"product_tag-epoxy-eltavolitas","17":"product_tag-esztrich-maro","18":"product_tag-linoleum-ragaszto-eltavolito","19":"product_tag-linoleum-ragaszto-felcsiszolas","20":"product_tag-mugyanta-eltavolito","21":"product_tag-mugyanta-maro","22":"product_tag-parketta-ragaszto-eltavolitas","23":"product_tag-vakolat-maro","24":"product_tag-vakolatmaro","25":"has_thumb","27":"first","28":"outofstock","29":"featured","30":"taxable","31":"shipping-taxable","32":"purchasable","33":"product-type-simple"},"_links":{"self":[{"href":"https:\/\/workmaxx.com\/hu\/wp-json\/wp\/v2\/product\/429","targetHints":{"allow":["GET"]}}],"collection":[{"href":"https:\/\/workmaxx.com\/hu\/wp-json\/wp\/v2\/product"}],"about":[{"href":"https:\/\/workmaxx.com\/hu\/wp-json\/wp\/v2\/types\/product"}],"wp:featuredmedia":[{"embeddable":true,"href":"https:\/\/workmaxx.com\/hu\/wp-json\/wp\/v2\/media\/431"}],"wp:attachment":[{"href":"https:\/\/workmaxx.com\/hu\/wp-json\/wp\/v2\/media?parent=429"}],"wp:term":[{"taxonomy":"product_brand","embeddable":true,"href":"https:\/\/workmaxx.com\/hu\/wp-json\/wp\/v2\/product_brand?post=429"},{"taxonomy":"product_cat","embeddable":true,"href":"https:\/\/workmaxx.com\/hu\/wp-json\/wp\/v2\/product_cat?post=429"},{"taxonomy":"product_tag","embeddable":true,"href":"https:\/\/workmaxx.com\/hu\/wp-json\/wp\/v2\/product_tag?post=429"}],"curies":[{"name":"wp","href":"https:\/\/api.w.org\/{rel}","templated":true}]}}