{"id":280,"date":"2015-06-05T06:48:33","date_gmt":"2015-06-05T06:48:33","guid":{"rendered":"http:\/\/workmaxx.com\/hu\/?post_type=product&#038;p=280"},"modified":"2022-01-29T22:03:28","modified_gmt":"2022-01-29T22:03:28","slug":"motivumos-szinezett-cementes-jarolap","status":"publish","type":"product","link":"https:\/\/workmaxx.com\/hu\/termek\/motivumos-szinezett-cementes-jarolap\/","title":{"rendered":"mot\u00edvumos sz\u00ednezett cementes j\u00e1r\u00f3lap"},"content":{"rendered":"<p><strong> Cementes j\u00e1r\u00f3lap 20&#215;20 cm m\u00e9retben.<\/strong><\/p>\n<p>A j\u00e1r\u00f3lap csiszolhat\u00f3 \u00e9s pol\u00edrozhat\u00f3 kem\u00e9nys\u00e9ge c20 betonnak megfelel\u0151. A lapokat hagyom\u00e1nyosan b\u00e1rmilyen vastag, vagy v\u00e9kony\u00e1gyazat\u00fa ragaszt\u00f3habarcsba lehet fektetni.<\/p>\n<p>Az \u00e1r, 1m2 j\u00e1r\u00f3lapra megv\u00e1s\u00e1rl\u00e1s\u00e1ra vonatkozik ! enn\u00e9l kevesebb mennyis\u00e9g v\u00e1s\u00e1rl\u00e1sa is lehets\u00e9ges, egyeztet\u00e9st k\u00f6vet\u0151en<\/p>\n<p>A kedvezm\u00e9nyes \u00e1r, csak internetes \u00e9rt\u00e9kes\u00edt\u00e9sre \u00e9s telepi \u00e1tv\u00e9tellel \u00e9rv\u00e9nyes, \u00f6sszesen 50m2 megv\u00e1s\u00e1rl\u00e1s\u00e1t k\u00f6vet\u0151en l\u00e9p \u00e9letbe<\/p>\n<p>&nbsp;<\/p>\n<p>facebook tesztk\u00e9pek https:\/\/www.facebook.com\/pages\/Mozaiklap\/446559068837767<\/p>\n","protected":false},"excerpt":{"rendered":"<p><strong>Bevezet\u0151 kedvezm\u00e9ny akci\u00f3nk keret\u00e9ben 50 m2 egy\u00fcttes v\u00e1s\u00e1rl\u00e1sa eset\u00e9n.<\/strong><\/p>\n<p>20&#215;20 cm m\u00e9retben el\u00e9rhet\u0151 cementes j\u00e1r\u00f3lap. csiszolhat\u00f3 \u00e9s pol\u00edrozhat\u00f3 kem\u00e9nys\u00e9ge c20 betonnak megfelel\u0151. A lapokat hagyom\u00e1nyosan b\u00e1rmilyen vastag, vagy v\u00e9kony\u00e1gyazat\u00fa ragaszt\u00f3habarcsba lehet fektetni.<\/p>\n","protected":false},"featured_media":278,"template":"","meta":[],"product_brand":[],"product_cat":[108],"product_tag":[110,109,111,112],"class_list":{"0":"post-280","1":"product","2":"type-product","3":"status-publish","4":"has-post-thumbnail","6":"product_cat-cementlap","7":"product_tag-cementes-jarolap","8":"product_tag-cementlap","9":"product_tag-jarolap","10":"product_tag-motivumos-cementlap","11":"product_shipping_class-budapestre","12":"has_thumb","14":"first","15":"instock","16":"taxable","17":"shipping-taxable","18":"purchasable","19":"product-type-simple"},"_links":{"self":[{"href":"https:\/\/workmaxx.com\/hu\/wp-json\/wp\/v2\/product\/280","targetHints":{"allow":["GET"]}}],"collection":[{"href":"https:\/\/workmaxx.com\/hu\/wp-json\/wp\/v2\/product"}],"about":[{"href":"https:\/\/workmaxx.com\/hu\/wp-json\/wp\/v2\/types\/product"}],"wp:featuredmedia":[{"embeddable":true,"href":"https:\/\/workmaxx.com\/hu\/wp-json\/wp\/v2\/media\/278"}],"wp:attachment":[{"href":"https:\/\/workmaxx.com\/hu\/wp-json\/wp\/v2\/media?parent=280"}],"wp:term":[{"taxonomy":"product_brand","embeddable":true,"href":"https:\/\/workmaxx.com\/hu\/wp-json\/wp\/v2\/product_brand?post=280"},{"taxonomy":"product_cat","embeddable":true,"href":"https:\/\/workmaxx.com\/hu\/wp-json\/wp\/v2\/product_cat?post=280"},{"taxonomy":"product_tag","embeddable":true,"href":"https:\/\/workmaxx.com\/hu\/wp-json\/wp\/v2\/product_tag?post=280"}],"curies":[{"name":"wp","href":"https:\/\/api.w.org\/{rel}","templated":true}]}}