{"id":277,"date":"2015-06-04T20:50:44","date_gmt":"2015-06-04T20:50:44","guid":{"rendered":"http:\/\/workmaxx.com\/hu\/?post_type=product&#038;p=277"},"modified":"2019-03-18T18:13:08","modified_gmt":"2019-03-18T18:13:08","slug":"cementlap-szines-mintas","status":"publish","type":"product","link":"https:\/\/workmaxx.com\/hu\/termek\/cementlap-szines-mintas\/","title":{"rendered":"cementlap szines mint\u00e1s"},"content":{"rendered":"<p>20&#215;20 cm m\u00e9ret\u0171 cementes j\u00e1r\u00f3lap a klasszikus cementlapok fel\u00faj\u00edt\u00e1sa <\/p>\n","protected":false},"excerpt":{"rendered":"<p>20&#215;20 cm m\u00e9ret\u0171 cementes j\u00e1r\u00f3lap a klasszikus cementlapok fel\u00faj\u00edt\u00e1sa<\/p>\n","protected":false},"featured_media":278,"template":"","meta":[],"product_brand":[],"product_cat":[108],"product_tag":[109],"class_list":{"0":"post-277","1":"product","2":"type-product","3":"status-publish","4":"has-post-thumbnail","6":"product_cat-cementlap","7":"product_tag-cementlap","8":"has_thumb","10":"first","11":"onbackorder","12":"taxable","13":"shipping-taxable","14":"purchasable","15":"product-type-simple"},"_links":{"self":[{"href":"https:\/\/workmaxx.com\/hu\/wp-json\/wp\/v2\/product\/277","targetHints":{"allow":["GET"]}}],"collection":[{"href":"https:\/\/workmaxx.com\/hu\/wp-json\/wp\/v2\/product"}],"about":[{"href":"https:\/\/workmaxx.com\/hu\/wp-json\/wp\/v2\/types\/product"}],"wp:featuredmedia":[{"embeddable":true,"href":"https:\/\/workmaxx.com\/hu\/wp-json\/wp\/v2\/media\/278"}],"wp:attachment":[{"href":"https:\/\/workmaxx.com\/hu\/wp-json\/wp\/v2\/media?parent=277"}],"wp:term":[{"taxonomy":"product_brand","embeddable":true,"href":"https:\/\/workmaxx.com\/hu\/wp-json\/wp\/v2\/product_brand?post=277"},{"taxonomy":"product_cat","embeddable":true,"href":"https:\/\/workmaxx.com\/hu\/wp-json\/wp\/v2\/product_cat?post=277"},{"taxonomy":"product_tag","embeddable":true,"href":"https:\/\/workmaxx.com\/hu\/wp-json\/wp\/v2\/product_tag?post=277"}],"curies":[{"name":"wp","href":"https:\/\/api.w.org\/{rel}","templated":true}]}}